{"id":27,"date":"2025-09-13T23:02:42","date_gmt":"2025-09-13T21:02:42","guid":{"rendered":"https:\/\/opoleoblaci.pl\/?page_id=27"},"modified":"2025-10-13T08:40:52","modified_gmt":"2025-10-13T06:40:52","slug":"rezerwacja-plytek-i-poleczek","status":"publish","type":"page","link":"https:\/\/opoleoblaci.pl\/?page_id=27","title":{"rendered":""},"content":{"rendered":"\n<p class=\"has-text-align-center has-base-color has-contrast-background-color has-text-color has-background has-link-color wp-elements-b829f74338d600c9f49e466e16d86c8c\">Tutaj mo\u017cesz wybra\u0107 p\u0142ytki z planu posadzki zakrystii oraz tzw. <em>p\u00f3\u0142eczki<\/em> \u2013 elementy szafy, kt\u00f3re chcesz zasponsorowa\u0107, aby pom\u00f3c w wyposa\u017ceniu zakrystii. Wype\u0142nij swoje dane, wska\u017c wybrane elementy i kliknij przycisk, aby wys\u0142a\u0107 zg\u0142oszenie do osoby odpowiedzialnej za rezerwacj\u0119.<\/p>\n\n\n\n<p class=\"has-text-align-center has-base-color has-contrast-background-color has-text-color has-background has-link-color wp-elements-96172b1fac60a022f80a22383c9f844e\">Cena za 1 szt.:<\/p>\n\n\n\n<ul class=\"wp-block-list\">\n<li class=\"has-base-color has-text-color has-link-color wp-elements-ea6775485e2959e4c940cbb68d2399ab\"><strong>P\u0141YTKA = 200 PLN<\/strong><\/li>\n\n\n\n<li class=\"has-base-color has-text-color has-link-color wp-elements-87c77d78b5a89e5e563c4246aa6d0a98\"><strong>&#8220;P\u00d3\u0141ECZKA&#8221; = 100 PLN<\/strong><\/li>\n<\/ul>\n\n\n\n<p><\/p>\n\n\n\n<p><\/p>\n\n\n\n<p class=\"is-style-text-annotation has-base-color has-text-color has-link-color wp-elements-a1ff0b73fc05b23d6686b95287e5f4df is-style-text-annotation--1\">PS: Je\u017celi wybrane przez Ciebie p\u0142ytki lub p\u00f3\u0142eczki oka\u017c\u0105 si\u0119 ju\u017c zaj\u0119te, administrator przypisze Tw\u00f3j dar do najbli\u017cszych dost\u0119pnych miejsc. W ten spos\u00f3b ka\u017cdy gest hojno\u015bci znajdzie swoje miejsce w Domu Bo\u017cym.<\/p>\n\n\n\n<p class=\"has-text-align-center is-style-text-annotation has-base-color has-text-color has-link-color has-large-font-size wp-elements-cd60772e0b4e8cdfa93a6de58c5c8b73 is-style-text-annotation--2\" style=\"padding-top:0;padding-bottom:0\">Rezerwacj\u0119 mo\u017cna tak\u017ce dokona\u0107 osobi\u015bcie u ojca Proboszcza \/ Wikarego lub telefonicznie \/ Whatsup u Pana S\u0142awka pod numerem: <strong>602 748 554<\/strong>.<\/p>\n\n\n\n<p class=\"has-text-align-center is-style-text-subtitle has-base-color has-contrast-background-color has-text-color has-background has-link-color wp-elements-a58e4646b403994f29255d96a444e25a is-style-text-subtitle--3\"><strong><em>Razem bu<\/em><\/strong><strong><em>dujemy zakrysti\u0119 !!<\/em><\/strong><\/p>\n\n\n\n<div class=\"wp-block-columns is-layout-flex wp-container-core-columns-is-layout-28f84493 wp-block-columns-is-layout-flex\">\n<div class=\"wp-block-column is-layout-flow wp-block-column-is-layout-flow\">\n<figure data-wp-context=\"{&quot;imageId&quot;:&quot;69e37e3568e8d&quot;}\" data-wp-interactive=\"core\/image\" data-wp-key=\"69e37e3568e8d\" class=\"wp-block-image size-full wp-lightbox-container\"><img loading=\"lazy\" decoding=\"async\" width=\"1805\" height=\"1006\" data-wp-class--hide=\"state.isContentHidden\" data-wp-class--show=\"state.isContentVisible\" data-wp-init=\"callbacks.setButtonStyles\" data-wp-on--click=\"actions.showLightbox\" data-wp-on--load=\"callbacks.setButtonStyles\" data-wp-on-window--resize=\"callbacks.setButtonStyles\" src=\"https:\/\/opoleoblaci.pl\/wp-content\/uploads\/2025\/10\/stan-samych-plytek-na-dzien-13102025.jpg\" alt=\"\" class=\"wp-image-105\" srcset=\"https:\/\/opoleoblaci.pl\/wp-content\/uploads\/2025\/10\/stan-samych-plytek-na-dzien-13102025.jpg 1805w, https:\/\/opoleoblaci.pl\/wp-content\/uploads\/2025\/10\/stan-samych-plytek-na-dzien-13102025-300x167.jpg 300w, https:\/\/opoleoblaci.pl\/wp-content\/uploads\/2025\/10\/stan-samych-plytek-na-dzien-13102025-1024x571.jpg 1024w, https:\/\/opoleoblaci.pl\/wp-content\/uploads\/2025\/10\/stan-samych-plytek-na-dzien-13102025-768x428.jpg 768w, https:\/\/opoleoblaci.pl\/wp-content\/uploads\/2025\/10\/stan-samych-plytek-na-dzien-13102025-1536x856.jpg 1536w\" sizes=\"auto, (max-width: 1805px) 100vw, 1805px\" \/><button\n\t\t\tclass=\"lightbox-trigger\"\n\t\t\ttype=\"button\"\n\t\t\taria-haspopup=\"dialog\"\n\t\t\taria-label=\"Enlarge\"\n\t\t\tdata-wp-init=\"callbacks.initTriggerButton\"\n\t\t\tdata-wp-on--click=\"actions.showLightbox\"\n\t\t\tdata-wp-style--right=\"state.imageButtonRight\"\n\t\t\tdata-wp-style--top=\"state.imageButtonTop\"\n\t\t>\n\t\t\t<svg xmlns=\"http:\/\/www.w3.org\/2000\/svg\" width=\"12\" height=\"12\" fill=\"none\" viewBox=\"0 0 12 12\">\n\t\t\t\t<path fill=\"#fff\" d=\"M2 0a2 2 0 0 0-2 2v2h1.5V2a.5.5 0 0 1 .5-.5h2V0H2Zm2 10.5H2a.5.5 0 0 1-.5-.5V8H0v2a2 2 0 0 0 2 2h2v-1.5ZM8 12v-1.5h2a.5.5 0 0 0 .5-.5V8H12v2a2 2 0 0 1-2 2H8Zm2-12a2 2 0 0 1 2 2v2h-1.5V2a.5.5 0 0 0-.5-.5H8V0h2Z\" \/>\n\t\t\t<\/svg>\n\t\t<\/button><\/figure>\n\n\n\n<p class=\"has-text-align-center is-style-text-subtitle has-base-color has-contrast-background-color has-text-color has-background has-link-color has-large-font-size wp-elements-c850071c36329218587613fcccb84215 is-style-text-subtitle--4\"><strong><em>Dzi\u0119ki wam uzbierali\u015bmy  ju\u017c 51% wszystkich p\u0142ytek !!!<\/em><\/strong><\/p>\n\n\n\n<figure data-wp-context=\"{&quot;imageId&quot;:&quot;69e37e3569665&quot;}\" data-wp-interactive=\"core\/image\" data-wp-key=\"69e37e3569665\" class=\"wp-block-image size-full wp-lightbox-container\"><img loading=\"lazy\" decoding=\"async\" width=\"820\" height=\"451\" data-wp-class--hide=\"state.isContentHidden\" data-wp-class--show=\"state.isContentVisible\" data-wp-init=\"callbacks.setButtonStyles\" data-wp-on--click=\"actions.showLightbox\" data-wp-on--load=\"callbacks.setButtonStyles\" data-wp-on-window--resize=\"callbacks.setButtonStyles\" src=\"https:\/\/opoleoblaci.pl\/wp-content\/uploads\/2025\/10\/Stan-poleczek-na-dzien-13102025.jpg\" alt=\"\" class=\"wp-image-106\" srcset=\"https:\/\/opoleoblaci.pl\/wp-content\/uploads\/2025\/10\/Stan-poleczek-na-dzien-13102025.jpg 820w, https:\/\/opoleoblaci.pl\/wp-content\/uploads\/2025\/10\/Stan-poleczek-na-dzien-13102025-300x165.jpg 300w, https:\/\/opoleoblaci.pl\/wp-content\/uploads\/2025\/10\/Stan-poleczek-na-dzien-13102025-768x422.jpg 768w\" sizes=\"auto, (max-width: 820px) 100vw, 820px\" \/><button\n\t\t\tclass=\"lightbox-trigger\"\n\t\t\ttype=\"button\"\n\t\t\taria-haspopup=\"dialog\"\n\t\t\taria-label=\"Enlarge\"\n\t\t\tdata-wp-init=\"callbacks.initTriggerButton\"\n\t\t\tdata-wp-on--click=\"actions.showLightbox\"\n\t\t\tdata-wp-style--right=\"state.imageButtonRight\"\n\t\t\tdata-wp-style--top=\"state.imageButtonTop\"\n\t\t>\n\t\t\t<svg xmlns=\"http:\/\/www.w3.org\/2000\/svg\" width=\"12\" height=\"12\" fill=\"none\" viewBox=\"0 0 12 12\">\n\t\t\t\t<path fill=\"#fff\" d=\"M2 0a2 2 0 0 0-2 2v2h1.5V2a.5.5 0 0 1 .5-.5h2V0H2Zm2 10.5H2a.5.5 0 0 1-.5-.5V8H0v2a2 2 0 0 0 2 2h2v-1.5ZM8 12v-1.5h2a.5.5 0 0 0 .5-.5V8H12v2a2 2 0 0 1-2 2H8Zm2-12a2 2 0 0 1 2 2v2h-1.5V2a.5.5 0 0 0-.5-.5H8V0h2Z\" \/>\n\t\t\t<\/svg>\n\t\t<\/button><\/figure>\n<\/div>\n<\/div>\n\n\n\n<p class=\"has-text-align-center is-style-text-subtitle has-base-color has-contrast-background-color has-text-color has-background has-link-color has-large-font-size wp-elements-bd2f2d445968dbdaa5785e517905cd2d is-style-text-subtitle--5\"><strong><em>Cel coraz bli\u017cej.  Mamy juz 51 p\u00f3\u0142eczek zakupionych.<\/em><\/strong><\/p>\n\n\n<style id=\"wpforms-css-vars-37\">\n\t\t\t\t#wpforms-37 {\n\t\t\t\t--wpforms-field-border-radius: 0px;\n--wpforms-field-border-color: #ffffff;\n--wpforms-field-border-color-spare: #ffffff;\n--wpforms-field-text-color: #000000;\n--wpforms-label-color: #ffffff;\n--wpforms-label-sublabel-color: #ffffff;\n--wpforms-label-error-color: #ff0000;\n--wpforms-button-border-style: solid;\n--wpforms-button-border-radius: 0px;\n--wpforms-button-background-color: #dddddd;\n--wpforms-button-border-color: #cccccc;\n--wpforms-button-text-color: #666666;\n--wpforms-container-padding: 0px;\n--wpforms-container-border-width: 1px;\n--wpforms-container-border-radius: 3px;\n--wpforms-background-color: rgba(0, 0, 0, 0);\n--wpforms-page-break-color: #dddddd;\n--wpforms-field-size-input-height: 43px;\n--wpforms-field-size-input-spacing: 15px;\n--wpforms-field-size-font-size: 16px;\n--wpforms-field-size-line-height: 19px;\n--wpforms-field-size-padding-h: 14px;\n--wpforms-field-size-checkbox-size: 16px;\n--wpforms-field-size-sublabel-spacing: 5px;\n--wpforms-field-size-icon-size: 1;\n--wpforms-label-size-font-size: 14px;\n--wpforms-label-size-line-height: 17px;\n--wpforms-label-size-sublabel-font-size: 13px;\n--wpforms-label-size-sublabel-line-height: 16px;\n--wpforms-button-size-font-size: 17px;\n--wpforms-button-size-height: 41px;\n--wpforms-button-size-padding-h: 15px;\n--wpforms-button-size-margin-top: 10px;\n--wpforms-container-shadow-size-box-shadow: none;\n\n\t\t\t}\n\t\t\t<\/style><div class=\"wpforms-container wpforms-container-full wpforms-render-modern\" id=\"wpforms-37\"><form id=\"wpforms-form-37\" class=\"wpforms-validate wpforms-form wpforms-ajax-form\" data-formid=\"37\" method=\"post\" enctype=\"multipart\/form-data\" action=\"\/index.php?rest_route=%2Fwp%2Fv2%2Fpages%2F27\" data-token=\"2d56eb4821b1650841dae682b3ae39b5\" data-token-time=\"1776516661\"><noscript class=\"wpforms-error-noscript\">Please enable JavaScript in your browser to complete this form.<\/noscript><div id=\"wpforms-error-noscript\" style=\"display: none;\">Please enable JavaScript in your browser to complete this form.<\/div><div class=\"wpforms-field-container\"><div id=\"wpforms-37-field_1-container\" class=\"wpforms-field wpforms-field-text\" data-field-id=\"1\"><label class=\"wpforms-field-label\" for=\"wpforms-37-field_1\">Numer p\u0142ytki \/ p\u0142ytek <span class=\"wpforms-required-label\" aria-hidden=\"true\">*<\/span><\/label><input type=\"text\" id=\"wpforms-37-field_1\" class=\"wpforms-field-medium wpforms-field-required\" name=\"wpforms[fields][1]\" aria-errormessage=\"wpforms-37-field_1-error\" required><\/div><div id=\"wpforms-37-field_6-container\" class=\"wpforms-field wpforms-field-text\" data-field-id=\"6\"><label class=\"wpforms-field-label\" for=\"wpforms-37-field_6\">Je\u017celi chcesz wspom\u00f3c budowe mebli napisz ile &quot;p\u00f3\u0142eczek&quot; zarezerwowa\u0107.<\/label><input type=\"text\" id=\"wpforms-37-field_6\" class=\"wpforms-field-medium\" name=\"wpforms[fields][6]\" aria-errormessage=\"wpforms-37-field_6-error\" ><\/div><div id=\"wpforms-37-field_2-container\" class=\"wpforms-field wpforms-field-name\" data-field-id=\"2\"><fieldset><legend class=\"wpforms-field-label\">Imi\u0119 i nazwisko <span class=\"wpforms-required-label\" aria-hidden=\"true\">*<\/span><\/legend><div class=\"wpforms-field-row wpforms-field-medium\"><div class=\"wpforms-field-row-block wpforms-first wpforms-one-half\"><input type=\"text\" id=\"wpforms-37-field_2\" class=\"wpforms-field-name-first wpforms-field-required\" name=\"wpforms[fields][2][first]\" aria-errormessage=\"wpforms-37-field_2-error\" required><label for=\"wpforms-37-field_2\" class=\"wpforms-field-sublabel after\">First<\/label><\/div><div class=\"wpforms-field-row-block wpforms-one-half\"><input type=\"text\" id=\"wpforms-37-field_2-last\" class=\"wpforms-field-name-last wpforms-field-required\" name=\"wpforms[fields][2][last]\" aria-errormessage=\"wpforms-37-field_2-last-error\" required><label for=\"wpforms-37-field_2-last\" class=\"wpforms-field-sublabel after\">Last<\/label><\/div><\/div><\/fieldset><\/div><div id=\"wpforms-37-field_3-container\" class=\"wpforms-field wpforms-field-number\" data-field-id=\"3\"><label class=\"wpforms-field-label\" for=\"wpforms-37-field_3\">Telefon <span class=\"wpforms-required-label\" aria-hidden=\"true\">*<\/span><\/label><input type=\"number\" id=\"wpforms-37-field_3\" class=\"wpforms-field-medium wpforms-field-required\" name=\"wpforms[fields][3]\" step=\"any\" aria-errormessage=\"wpforms-37-field_3-error\" required><\/div><div id=\"wpforms-37-field_4-container\" class=\"wpforms-field wpforms-field-email\" data-field-id=\"4\"><label class=\"wpforms-field-label\" for=\"wpforms-37-field_4\">Adres e-mail<\/label><input type=\"email\" id=\"wpforms-37-field_4\" class=\"wpforms-field-medium\" name=\"wpforms[fields][4]\" spellcheck=\"false\" aria-errormessage=\"wpforms-37-field_4-error\" ><\/div>\t\t<div id=\"wpforms-37-field_7-container\"\n\t\t\tclass=\"wpforms-field wpforms-field-text\"\n\t\t\tdata-field-type=\"text\"\n\t\t\tdata-field-id=\"7\"\n\t\t\t>\n\t\t\t<label class=\"wpforms-field-label\" for=\"wpforms-37-field_7\" >i napisz budowe<\/label>\n\t\t\t<input type=\"text\" id=\"wpforms-37-field_7\" class=\"wpforms-field-medium\" name=\"wpforms[fields][7]\" >\n\t\t<\/div>\n\t\t<div id=\"wpforms-37-field_5-container\" class=\"wpforms-field wpforms-field-textarea\" data-field-id=\"5\"><label class=\"wpforms-field-label\" for=\"wpforms-37-field_5\">Zapytanie \/ komentarz<\/label><textarea id=\"wpforms-37-field_5\" class=\"wpforms-field-medium\" name=\"wpforms[fields][5]\" aria-errormessage=\"wpforms-37-field_5-error\" ><\/textarea><\/div><script>\n\t\t\t\t( function() {\n\t\t\t\t\tconst style = document.createElement( 'style' );\n\t\t\t\t\tstyle.appendChild( document.createTextNode( '#wpforms-37-field_7-container { position: absolute !important; overflow: hidden !important; display: inline !important; height: 1px !important; width: 1px !important; z-index: -1000 !important; padding: 0 !important; } #wpforms-37-field_7-container input { visibility: hidden; } #wpforms-conversational-form-page #wpforms-37-field_7-container label { counter-increment: none; }' ) );\n\t\t\t\t\tdocument.head.appendChild( style );\n\t\t\t\t\tdocument.currentScript?.remove();\n\t\t\t\t} )();\n\t\t\t<\/script><\/div><!-- .wpforms-field-container --><div class=\"wpforms-submit-container\" ><input type=\"hidden\" name=\"wpforms[id]\" value=\"37\"><input type=\"hidden\" name=\"page_title\" value=\"\"><input type=\"hidden\" name=\"page_url\" value=\"https:\/\/opoleoblaci.pl\/index.php?rest_route=\/wp\/v2\/pages\/27\"><input type=\"hidden\" name=\"url_referer\" value=\"\"><button type=\"submit\" name=\"wpforms[submit]\" id=\"wpforms-submit-37\" class=\"wpforms-submit\" data-alt-text=\"Wysy\u0142anie...\" data-submit-text=\"Zarezerwuj wybrane p\u0142ytki oraz &quot;p\u00f3\u0142eczki&quot;\" aria-live=\"assertive\" value=\"wpforms-submit\">Zarezerwuj wybrane p\u0142ytki oraz &quot;p\u00f3\u0142eczki&quot;<\/button><img loading=\"lazy\" decoding=\"async\" src=\"https:\/\/opoleoblaci.pl\/wp-content\/plugins\/wpforms-lite\/assets\/images\/submit-spin.svg\" class=\"wpforms-submit-spinner\" style=\"display: none;\" width=\"26\" height=\"26\" alt=\"Loading\"><\/div><\/form><\/div>  <!-- .wpforms-container -->\n\n\n\n<p class=\"has-text-align-center is-style-text-subtitle has-base-color has-contrast-background-color has-text-color has-background has-link-color has-large-font-size wp-elements-102e2022eb5f85323826cc33a2536863 is-style-text-subtitle--6\"><strong><em>UWAGA !!! Po zarezerwowaniu odpowiedniej ilo\u015bci p\u0142ytek lub p\u00f3\u0142eczek nasza administracja w ci\u0105gu 24h skontaktuje si\u0119 z Tob\u0105, aby przekaza\u0107 numer konta i kolejne kroki do realizacji zam\u00f3wienia.<\/em><\/strong><\/p>\n\n\n\n<p><\/p>\n","protected":false},"excerpt":{"rendered":"<p>Tutaj mo\u017cesz wybra\u0107 p\u0142ytki z planu posadzki zakrystii oraz tzw. p\u00f3\u0142eczki \u2013 elementy szafy, kt\u00f3re chcesz zasponsorowa\u0107, aby pom\u00f3c w wyposa\u017ceniu zakrystii. Wype\u0142nij swoje dane, wska\u017c wybrane elementy i kliknij przycisk, aby wys\u0142a\u0107 zg\u0142oszenie do osoby odpowiedzialnej za rezerwacj\u0119. Cena za 1 szt.: PS: Je\u017celi wybrane przez Ciebie p\u0142ytki lub p\u00f3\u0142eczki oka\u017c\u0105 si\u0119 ju\u017c zaj\u0119te, [&hellip;]<\/p>\n","protected":false},"author":1,"featured_media":0,"parent":2,"menu_order":1,"comment_status":"closed","ping_status":"closed","template":"","meta":{"footnotes":"[]"},"class_list":["post-27","page","type-page","status-publish","hentry"],"_links":{"self":[{"href":"https:\/\/opoleoblaci.pl\/index.php?rest_route=\/wp\/v2\/pages\/27","targetHints":{"allow":["GET"]}}],"collection":[{"href":"https:\/\/opoleoblaci.pl\/index.php?rest_route=\/wp\/v2\/pages"}],"about":[{"href":"https:\/\/opoleoblaci.pl\/index.php?rest_route=\/wp\/v2\/types\/page"}],"author":[{"embeddable":true,"href":"https:\/\/opoleoblaci.pl\/index.php?rest_route=\/wp\/v2\/users\/1"}],"replies":[{"embeddable":true,"href":"https:\/\/opoleoblaci.pl\/index.php?rest_route=%2Fwp%2Fv2%2Fcomments&post=27"}],"version-history":[{"count":27,"href":"https:\/\/opoleoblaci.pl\/index.php?rest_route=\/wp\/v2\/pages\/27\/revisions"}],"predecessor-version":[{"id":107,"href":"https:\/\/opoleoblaci.pl\/index.php?rest_route=\/wp\/v2\/pages\/27\/revisions\/107"}],"up":[{"embeddable":true,"href":"https:\/\/opoleoblaci.pl\/index.php?rest_route=\/wp\/v2\/pages\/2"}],"wp:attachment":[{"href":"https:\/\/opoleoblaci.pl\/index.php?rest_route=%2Fwp%2Fv2%2Fmedia&parent=27"}],"curies":[{"name":"wp","href":"https:\/\/api.w.org\/{rel}","templated":true}]}}